{"id":18,"date":"2022-06-27T12:32:56","date_gmt":"2022-06-27T12:32:56","guid":{"rendered":"https:\/\/ecostup.md\/?page_id=18"},"modified":"2023-10-12T08:19:10","modified_gmt":"2023-10-12T08:19:10","slug":"livrare-si-returnare","status":"publish","type":"page","link":"https:\/\/textil.md\/?page_id=18","title":{"rendered":"Livrare \u0219i returnare produse"},"content":{"rendered":"\t\t<div data-elementor-type=\"wp-page\" data-elementor-id=\"18\" class=\"elementor elementor-18\" data-elementor-post-type=\"page\">\n\t\t\t\t\t\t<section class=\"elementor-section elementor-top-section elementor-element elementor-element-e0317cd elementor-section-boxed elementor-section-height-default elementor-section-height-default\" data-id=\"e0317cd\" data-element_type=\"section\">\n\t\t\t\t\t\t<div class=\"elementor-container elementor-column-gap-default\">\n\t\t\t\t\t<div class=\"elementor-column elementor-col-100 elementor-top-column elementor-element elementor-element-639359c1\" data-id=\"639359c1\" data-element_type=\"column\">\n\t\t\t<div class=\"elementor-widget-wrap elementor-element-populated\">\n\t\t\t\t\t\t<div class=\"elementor-element elementor-element-4554df5a elementor-widget elementor-widget-text-editor\" data-id=\"4554df5a\" data-element_type=\"widget\" data-widget_type=\"text-editor.default\">\n\t\t\t\t<div class=\"elementor-widget-container\">\n\t\t\t\t\t\t\t\t\t<p><strong style=\"font-weight: 600;\">LIVRARE \u0218I RETURNARE PRODUSE<br \/><\/strong><\/p><p>Activitatea magazinului online\u00a0<a href=\"https:\/\/web.archive.org\/web\/20230602183027\/http:\/\/www.textil.md\/\">www.textil.md<\/a>\u00a0este organizat\u0103 \u00een conformitate cu prevederile Legii nr. 284 din 22.07.2004, privind comer\u0163ul electronic, Legii nr. 133\/2011 privind protec\u0163ia datelor cu caracter personal, Legii nr. 114\/2012 cu privire la serviciile de plat\u0103 \u015fi moneda electronic\u0103, Legii nr. 91\/2014 privind semn\u0103tura electronic\u0103 \u015fi documentul electronic, Legii nr. 105\/2003 privind protec\u0163ia consumatorilor \u015fi Legii nr. 8\/2016 privind drepturile consumatorilor la \u00eencheierea contractelor.<\/p><p>\u00a0<\/p><p><b>TRANSPORT GRATUIT<\/b><\/p><p>Livrarea m\u0103rfii se va face gratuit \u00een urmato\u0103rele condi\u021bii:<\/p><ul><li>Pentru comenzile \u00een valoare de minimum 1000 lei\u00a0<\/li><\/ul><p><b>COSTURI DE LIVRARE<\/b><\/p><ul><li>Pentru comenzile ce nu respect\u0103 condi\u021biile de mai sus, costurile de livrare pe teritoriul ora\u0219ului Chi\u0219in\u0103u vor fi de 50 lei.<\/li><li>Pe \u00eentreg teritoriul Republicii Moldova, produsele sunt livrate de NovaPoshta. Pre\u021bul pentru livrarea va fi de la 50 lei, \u00een dependen\u021b\u0103 de greutatea \u0219i dimensiunea produsului. Acest lucru va fi concretizat la telefon, cu consultantul magazinului.\u00a0<\/li><\/ul><p>Livr\u0103rile se fac doar pe teritoriul Republicii Moldova.<\/p><p><b>LIVRARE RAPID\u0102<\/b><\/p><p>Livrarea se va face la adresa comunicat\u0103 de Dvs. \u00een termen de 2 &#8211; 3 zile lucr\u0103toare din momentul plas\u0103rii unei comenzi, pentru produsele aflate \u00een stoc pe teritoriul mun. Chisinau, si 3 &#8211; 4 zile pe \u00eentreg teritoriul Republicii Moldova.<\/p><p>Toate comenzile preluate \u00een zilele de vineri, s\u00e2mb\u0103t\u0103 \u0219i duminic\u0103 vor fi procesate luni.<\/p><p><strong style=\"font-weight: 600;\">RETURNAREA DE PRODUSE<\/strong><\/p><p>Urm\u0103torul aspect face referire doar la persoanele fizice conform legisla\u021biei \u00een vigoare.<\/p><p>Clientul are dreptul de a returna orice produs \u00een termen de 14 zile de la recep\u021bia acestuia \u0219i poate solicita returnarea sumei de bani sau schimbarea cu un alt produs. \u00cen ambele cazuri, valoarea \u00een bani returnat\u0103 sau produsul \u00eenlocuit se refer\u0103 strict la costul produselor, taxele de expedi\u021bie fiind excluse.<\/p><p>Plata transportului pentru a lua produsul returnat \u00eei apar\u021bine clientului.<\/p><p>La retur sunt acceptate doar produsele care respect\u0103 \u00eentocmai forma \u00een care ele au fost livrate.<\/p><p><b>NU SE ADMIT LA RETUR PRODUSELE:<\/b><\/p><ul><li>Care au fost testate\/utilizate;<\/li><li>Care au sigilii rupte\/deteriorate;<\/li><li>Achizi\u021bionate de la alte magazine.<\/li><\/ul>\t\t\t\t\t\t\t\t<\/div>\n\t\t\t\t<\/div>\n\t\t\t\t\t<\/div>\n\t\t<\/div>\n\t\t\t\t\t<\/div>\n\t\t<\/section>\n\t\t\t\t<\/div>\n\t\t","protected":false},"excerpt":{"rendered":"<p>LIVRARE \u0218I RETURNARE PRODUSE Activitatea magazinului online\u00a0www.textil.md\u00a0este organizat\u0103 \u00een conformitate cu prevederile Legii nr. 284 din 22.07.2004, privind comer\u0163ul electronic, Legii nr. 133\/2011 privind protec\u0163ia datelor cu caracter personal, Legii nr. 114\/2012 cu privire la serviciile de plat\u0103 \u015fi moneda electronic\u0103, Legii nr. 91\/2014 privind semn\u0103tura electronic\u0103 \u015fi documentul electronic, Legii nr. 105\/2003 privind protec\u0163ia [&hellip;]<\/p>\n","protected":false},"author":1,"featured_media":0,"parent":0,"menu_order":0,"comment_status":"closed","ping_status":"closed","template":"","meta":{"footnotes":""},"class_list":["post-18","page","type-page","status-publish","hentry"],"_links":{"self":[{"href":"https:\/\/textil.md\/index.php?rest_route=\/wp\/v2\/pages\/18","targetHints":{"allow":["GET"]}}],"collection":[{"href":"https:\/\/textil.md\/index.php?rest_route=\/wp\/v2\/pages"}],"about":[{"href":"https:\/\/textil.md\/index.php?rest_route=\/wp\/v2\/types\/page"}],"author":[{"embeddable":true,"href":"https:\/\/textil.md\/index.php?rest_route=\/wp\/v2\/users\/1"}],"replies":[{"embeddable":true,"href":"https:\/\/textil.md\/index.php?rest_route=%2Fwp%2Fv2%2Fcomments&post=18"}],"version-history":[{"count":0,"href":"https:\/\/textil.md\/index.php?rest_route=\/wp\/v2\/pages\/18\/revisions"}],"wp:attachment":[{"href":"https:\/\/textil.md\/index.php?rest_route=%2Fwp%2Fv2%2Fmedia&parent=18"}],"curies":[{"name":"wp","href":"https:\/\/api.w.org\/{rel}","templated":true}]}}