{"id":24703,"date":"2023-10-11T11:56:07","date_gmt":"2023-10-11T11:56:07","guid":{"rendered":"https:\/\/textil.md\/?page_id=24703"},"modified":"2023-10-11T17:25:59","modified_gmt":"2023-10-11T17:25:59","slug":"metode-de-plata","status":"publish","type":"page","link":"https:\/\/textil.md\/?page_id=24703","title":{"rendered":"Metode de plat\u0103"},"content":{"rendered":"\n<p><\/p>\n\n\n\n<p>Achitarea pentru produsele comandate se poate face:<\/p>\n\n\n\n<p>1. \u00cen <strong>numerar la livrare<\/strong> prin curier (cash).<\/p>\n\n\n\n<p>Achitarea se face dupa ce produsul a fost livrat si corespunde in totalitate cu cel comandat .<\/p>\n\n\n\n<p><strong>2. Transfer bancar.<\/strong><\/p>\n\n\n\n<p>\u00cen colaborare cu persoanele juridice, \u00een baza unei facturi eliberat de managerii companiei nostre este esfectuat transferul bancar. Odat\u0103 cu livrarea produselor, c\u0103tre client v-a fi transmis\u0103 \u0219i factura fiscal\u0103 pentru produsele livrate. Toat\u0103 procedura de achitare \u0219i livrare v-a fi supravegheat\u0103 de operator cu anun\u021barea telefonic\u0103 sau prin e-mail despre timpul livr\u0103rii.<\/p>\n\n\n\n<p>3. <strong>Online cu cardul<\/strong>.<\/p>\n\n\n\n<p>Produsele comandate pot fi achitate online prin card banca. Ve\u021bi fi redirec\u021bionat c\u0103tre pagina MAIB unde plata va fi procesat\u0103. Metodele acceptate &#8211; Visa, MasterCard si Maestro.<\/p>\n","protected":false},"excerpt":{"rendered":"<p>Achitarea pentru produsele comandate se poate face: 1. \u00cen numerar la livrare prin curier (cash). Achitarea se face dupa ce produsul a fost livrat si corespunde in totalitate cu cel comandat . 2. Transfer bancar. \u00cen colaborare cu persoanele juridice, \u00een baza unei facturi eliberat de managerii companiei nostre este esfectuat transferul bancar. Odat\u0103 cu [&hellip;]<\/p>\n","protected":false},"author":1,"featured_media":0,"parent":0,"menu_order":0,"comment_status":"closed","ping_status":"closed","template":"","meta":{"footnotes":""},"class_list":["post-24703","page","type-page","status-publish","hentry"],"_links":{"self":[{"href":"https:\/\/textil.md\/index.php?rest_route=\/wp\/v2\/pages\/24703","targetHints":{"allow":["GET"]}}],"collection":[{"href":"https:\/\/textil.md\/index.php?rest_route=\/wp\/v2\/pages"}],"about":[{"href":"https:\/\/textil.md\/index.php?rest_route=\/wp\/v2\/types\/page"}],"author":[{"embeddable":true,"href":"https:\/\/textil.md\/index.php?rest_route=\/wp\/v2\/users\/1"}],"replies":[{"embeddable":true,"href":"https:\/\/textil.md\/index.php?rest_route=%2Fwp%2Fv2%2Fcomments&post=24703"}],"version-history":[{"count":0,"href":"https:\/\/textil.md\/index.php?rest_route=\/wp\/v2\/pages\/24703\/revisions"}],"wp:attachment":[{"href":"https:\/\/textil.md\/index.php?rest_route=%2Fwp%2Fv2%2Fmedia&parent=24703"}],"curies":[{"name":"wp","href":"https:\/\/api.w.org\/{rel}","templated":true}]}}