{"id":2900,"date":"2021-06-27T12:06:12","date_gmt":"2021-06-27T12:06:12","guid":{"rendered":"https:\/\/ecostup.md\/?page_id=3"},"modified":"2023-10-11T11:49:58","modified_gmt":"2023-10-11T11:49:58","slug":"politica-de-confidentialitate","status":"publish","type":"page","link":"https:\/\/textil.md\/?page_id=2900","title":{"rendered":"Politica de confiden\u021bialitate"},"content":{"rendered":"\t\t<div data-elementor-type=\"wp-page\" data-elementor-id=\"2900\" class=\"elementor elementor-2900\" data-elementor-post-type=\"page\">\n\t\t\t\t\t\t<section class=\"elementor-section elementor-top-section elementor-element elementor-element-22d51328 elementor-section-boxed elementor-section-height-default elementor-section-height-default\" data-id=\"22d51328\" data-element_type=\"section\">\n\t\t\t\t\t\t<div class=\"elementor-container elementor-column-gap-default\">\n\t\t\t\t\t<div class=\"elementor-column elementor-col-100 elementor-top-column elementor-element elementor-element-5639855\" data-id=\"5639855\" data-element_type=\"column\">\n\t\t\t<div class=\"elementor-widget-wrap elementor-element-populated\">\n\t\t\t\t\t\t<div class=\"elementor-element elementor-element-1bb75c80 elementor-widget elementor-widget-text-editor\" data-id=\"1bb75c80\" data-element_type=\"widget\" data-widget_type=\"text-editor.default\">\n\t\t\t\t<div class=\"elementor-widget-container\">\n\t\t\t\t\t\t\t\t\t<div class=\"wpb_text_column wpb_content_element\"><p>Textil M Grup SRL respect\u0103 legile \u00een vigoare privind prelucrarea datelor cu caracter personal.\u00a0<\/p><p>Noi respect\u0103m cu stricte\u021be confiden\u021bialitatea datelor clien\u021bilor si ne angaj\u0103m sa nu transmitem datele personale ale clien\u021bilor c\u0103tre ter\u021bi si sa le folosim exclusiv \u00een scopul pentru care au fost colectate .<\/p><p>Scopul colect\u0103rii datelor este: facturarea si livrarea produselor comandate online \u0219i comunicarea de informa\u021bii despre site \u0219i produse.<\/p><p>Datele colectate sunt destinate utiliz\u0103rii de c\u0103tre operator si sunt comunicate numai urm\u0103torilor destinatari: persoana vizata (persoana de la care se colecteaz\u0103 datele), partenerii contractuali ai operatorului, servicii de curierat, acestea fiind necesare \u00een scopul stabilirii contactului cu clien\u021bii, \u00een scopul inform\u0103rii acestora asupra aspectelor legate de func\u021bionarea site-ului si in scopul \u00eendeplinirii la timp \u0219i cu operativitate a livr\u0103rii comenzilor, precum si in scopuri de marketing direct.<\/p><p>Datele personale ale dumneavoastr\u0103 vor fi folosite numai \u00een scopul declarat al acestui site. Informa\u021biile din formularul de comand\u0103 vor fi folosite pentru a v\u0103 trimite confirmarea comenzilor, facturare, eventualele promo\u021bii, buletinele informative periodice etc.<\/p><p>Ne obligam sa nu facem publice sau sa nu vindem bazele de date con\u021bin\u00e2nd informa\u021bii referitoare la datele personale ale clien\u021bilor no\u0219tri.<\/p><p>Textil M Grup SRL va p\u0103stra datele dumneavoastr\u0103 cu caracter personal pentru perioada de timp necesara conform\u0103rii cu obliga\u021biile legale specifice domeniului nostru de activitate sau conform termenelor de prescrip\u021bie aplicabile sau pentru respectarea obliga\u021biilor de arhivare impuse de legisla\u021bia aplicabila (de exemplu, celei specifice domeniului financiar-contabil).<\/p><\/div>\t\t\t\t\t\t\t\t<\/div>\n\t\t\t\t<\/div>\n\t\t\t\t\t<\/div>\n\t\t<\/div>\n\t\t\t\t\t<\/div>\n\t\t<\/section>\n\t\t\t\t<\/div>\n\t\t","protected":false},"excerpt":{"rendered":"<p>Textil M Grup SRL respect\u0103 legile \u00een vigoare privind prelucrarea datelor cu caracter personal.\u00a0 Noi respect\u0103m cu stricte\u021be confiden\u021bialitatea datelor clien\u021bilor si ne angaj\u0103m sa nu transmitem datele personale ale clien\u021bilor c\u0103tre ter\u021bi si sa le folosim exclusiv \u00een scopul pentru care au fost colectate . Scopul colect\u0103rii datelor este: facturarea si livrarea produselor comandate [&hellip;]<\/p>\n","protected":false},"author":1,"featured_media":0,"parent":0,"menu_order":0,"comment_status":"closed","ping_status":"closed","template":"","meta":{"footnotes":""},"class_list":["post-2900","page","type-page","status-publish","hentry"],"_links":{"self":[{"href":"https:\/\/textil.md\/index.php?rest_route=\/wp\/v2\/pages\/2900","targetHints":{"allow":["GET"]}}],"collection":[{"href":"https:\/\/textil.md\/index.php?rest_route=\/wp\/v2\/pages"}],"about":[{"href":"https:\/\/textil.md\/index.php?rest_route=\/wp\/v2\/types\/page"}],"author":[{"embeddable":true,"href":"https:\/\/textil.md\/index.php?rest_route=\/wp\/v2\/users\/1"}],"replies":[{"embeddable":true,"href":"https:\/\/textil.md\/index.php?rest_route=%2Fwp%2Fv2%2Fcomments&post=2900"}],"version-history":[{"count":0,"href":"https:\/\/textil.md\/index.php?rest_route=\/wp\/v2\/pages\/2900\/revisions"}],"wp:attachment":[{"href":"https:\/\/textil.md\/index.php?rest_route=%2Fwp%2Fv2%2Fmedia&parent=2900"}],"curies":[{"name":"wp","href":"https:\/\/api.w.org\/{rel}","templated":true}]}}