{"id":357,"date":"2022-06-12T16:32:28","date_gmt":"2022-06-12T16:32:28","guid":{"rendered":"https:\/\/ecostup.md\/?page_id=357"},"modified":"2023-10-11T17:33:40","modified_gmt":"2023-10-11T17:33:40","slug":"despre","status":"publish","type":"page","link":"https:\/\/textil.md\/?page_id=357","title":{"rendered":"Despre noi"},"content":{"rendered":"\t\t<div data-elementor-type=\"wp-page\" data-elementor-id=\"357\" class=\"elementor elementor-357\" data-elementor-post-type=\"page\">\n\t\t\t\t\t\t<section class=\"elementor-section elementor-top-section elementor-element elementor-element-2562efa4 elementor-section-boxed elementor-section-height-default elementor-section-height-default\" data-id=\"2562efa4\" data-element_type=\"section\">\n\t\t\t\t\t\t<div class=\"elementor-container elementor-column-gap-no\">\n\t\t\t\t\t<div class=\"elementor-column elementor-col-100 elementor-top-column elementor-element elementor-element-2bc6f905\" data-id=\"2bc6f905\" data-element_type=\"column\">\n\t\t\t<div class=\"elementor-widget-wrap elementor-element-populated\">\n\t\t\t\t\t\t<div class=\"elementor-element elementor-element-945efd4 elementor-widget elementor-widget-heading\" data-id=\"945efd4\" data-element_type=\"widget\" data-widget_type=\"heading.default\">\n\t\t\t\t<div class=\"elementor-widget-container\">\n\t\t\t\t\t<h2 class=\"elementor-heading-title elementor-size-default\">Despre noi<\/h2>\t\t\t\t<\/div>\n\t\t\t\t<\/div>\n\t\t\t\t<section class=\"elementor-section elementor-inner-section elementor-element elementor-element-bce229d elementor-section-boxed elementor-section-height-default elementor-section-height-default\" data-id=\"bce229d\" data-element_type=\"section\">\n\t\t\t\t\t\t<div class=\"elementor-container elementor-column-gap-default\">\n\t\t\t\t\t<div class=\"elementor-column elementor-col-100 elementor-inner-column elementor-element elementor-element-f33a366\" data-id=\"f33a366\" data-element_type=\"column\">\n\t\t\t<div class=\"elementor-widget-wrap elementor-element-populated\">\n\t\t\t\t\t\t<div class=\"elementor-element elementor-element-8104476 elementor-widget elementor-widget-text-editor\" data-id=\"8104476\" data-element_type=\"widget\" data-widget_type=\"text-editor.default\">\n\t\t\t\t<div class=\"elementor-widget-container\">\n\t\t\t\t\t\t\t\t\t<p>Compania &#8220;TEXTIL M GRUP &#8221; a fost \u00eenfiin\u021bat\u0103 \u00een 2016 cu scopul comercializ\u0103rii textilelor, \u0219i anume a lenjeriei de pat \u0219i a lenjeriei de buc\u0103t\u0103rie.<\/p><p>Astfel, &#8220;Textil M Grup&#8221; S.R.L. a selectat compania &#8220;TIROTEX&#8221; din regiunea transnistrean\u0103 , antrenat\u0103 \u00een producerea articolelor textile, calitatea produselor fiind apreciat\u0103 cu certificatul OEKO-TEX\u00ae Standard 100, ceea ce demonstreaz\u0103 siguran\u021ba \u0219i inofensivitatea textilelor.<\/p><p>\u00cen luna august 2017, \u00een urma analizei pie\u021bei textilelor \u0219i depist\u0103rii lipsei ambalajelor flexibile (ambalaje pentru textile), &#8220;TEXTIL M GRUP&#8221; organizeaz\u0103 sec\u021bia de producere a ambalajelor flexibile \u0219i articolelor din ne\u021besut.<\/p><p>\u00cen rezultatul evolu\u021biei companiei \u0219i colabor\u0103rii cu cei mai mari produc\u0103tori de textile din \u021bar\u0103, compania \u0219i-a extins gama de produse , aceasta incluz\u00e2nd: huse pentru \u00eembr\u0103c\u0103minte, articole din ne\u021besut de unic\u0103 folosin\u021b\u0103 (halate medicinale) \u0219i pungi din ne\u021besut, care sunt eco-friendly \u0219i corespund standardului european EN 13432.<\/p><p>Compania tinde s\u0103 fie c\u00e2t mai aproape de clien\u021bii s\u0103i, \u00een acest fel, majoritatea produselor\u00a0\u00a0sunt personalizate \u0219i se efectueaz\u0103 strict \u00een conformitate cu preferin\u021bele acestora.\u00a0<\/p><p><strong>MISIUNE:<\/strong><\/p><p>Compania are misiunea de a dezvolta platforma comun\u0103 a produc\u0103torilor autohtoni \u0219i importatori de produse din textile, \u0219i a oferi clien\u021bilor tot ce este mai bun la pre\u021buri accesibile. Astfel, pentru a oferi clien\u021bilor no\u0219tri produse calitative \u0219i pre\u021buri accesibile, echipa \u201eTEXTIL M GRUP\u201d selecteaz\u0103 minu\u021bios produsele plasate pe cea mai variat\u0103 platform\u0103 de textile din Republica Moldova.<\/p><p><strong>VIZIUNE:<\/strong><\/p><p><strong>Prieteno\u0219i cu mediul \u00eenconjur\u0103tor.<\/strong><\/p><p>Producem doar materiale prietenoase cu mediul \u00eenconjur\u0103tor. Produsele \u201eTEXTIL M GRUP\u201d sunt absolut inofensive pentru s\u0103natate \u0219i sunt reutilizabile.<\/p><p><strong>Stabilim tendin\u021be.<\/strong><\/p><p>Odat\u0103 cu importul produselor de calitate, import\u0103m \u0219i ultimile tendin\u021be \u00een materie de design \u0219i obiceiuri. Fiecare produs este \u00een tandem cu noile tendin\u021be \u00een domeniul textilelor. Datorit\u0103 lor, putem oferi clien\u021bilor no\u0219tri produse inedite cu ajutorul c\u0103rora ve\u021bi fi mereu \u00een pas cu ultimile tendin\u021be interna\u021bionale.<\/p><p><strong>100% legali.<\/strong><\/p><p>Declar\u0103m toate veniturile. Achit\u0103m impozitele. Contribuim la dezvoltarea \u021b\u0103rii. Iar o buna parte din pre\u021bul produselor noastre le constituie anume aceste taxe.\u00a0\u00a0 \u00a0 \u00a0 \u00a0 \u00a0 \u00a0 \u00a0<\/p><p><strong>VALORI:<\/strong><\/p><p><strong>Onestitate.<\/strong><\/p><p>Lucr\u0103m cu consumatorii \u0219i poten\u021bialii parteneri \u00een mod deschis \u0219i sincer. Ne onor\u0103m promisiunile \u0219i oferim cele mai bune produse!<\/p><p><strong>Respect. <\/strong><\/p><p>Purt\u0103m un respect fa\u021b\u0103 de to\u021bi \u00een modul \u00een care vrem s\u0103 fim \u0219i noi respecta\u021bi. Nu toler\u0103m atitudine abuziv\u0103 \u0219i lipsit\u0103 de respect fa\u021b\u0103 de nimeni.<\/p><p><strong>Fiabilitate. <\/strong><\/p><p>Asigurarea \u00eendeplinirii obliga\u021biilor comerciale \u0219i morale fa\u021b\u0103 de parteneri de afaceri \u0219i clien\u021bi. Pentru a c\u00e2\u0219tiga \u0219i a confirma constant reputa\u021bia\u00a0 \u00a0unei companii stabile \u0219i de \u00eencredere<\/p>\t\t\t\t\t\t\t\t<\/div>\n\t\t\t\t<\/div>\n\t\t\t\t\t<\/div>\n\t\t<\/div>\n\t\t\t\t\t<\/div>\n\t\t<\/section>\n\t\t\t\t<div class=\"elementor-element elementor-element-3b5b45b6 elementor-widget-divider--view-line elementor-widget elementor-widget-divider\" data-id=\"3b5b45b6\" data-element_type=\"widget\" data-widget_type=\"divider.default\">\n\t\t\t\t<div class=\"elementor-widget-container\">\n\t\t\t\t\t\t\t<div class=\"elementor-divider\">\n\t\t\t<span class=\"elementor-divider-separator\">\n\t\t\t\t\t\t<\/span>\n\t\t<\/div>\n\t\t\t\t\t\t<\/div>\n\t\t\t\t<\/div>\n\t\t\t\t\t<\/div>\n\t\t<\/div>\n\t\t\t\t\t<\/div>\n\t\t<\/section>\n\t\t\t\t<section class=\"elementor-section elementor-top-section elementor-element elementor-element-ea3f2c0 elementor-section-boxed elementor-section-height-default elementor-section-height-default\" data-id=\"ea3f2c0\" data-element_type=\"section\">\n\t\t\t\t\t\t<div class=\"elementor-container elementor-column-gap-no\">\n\t\t\t\t\t<div class=\"elementor-column elementor-col-100 elementor-top-column elementor-element elementor-element-d1bdd52\" data-id=\"d1bdd52\" data-element_type=\"column\">\n\t\t\t<div class=\"elementor-widget-wrap elementor-element-populated\">\n\t\t\t\t\t\t<div class=\"elementor-element elementor-element-9f2a32b elementor-widget elementor-widget-heading\" data-id=\"9f2a32b\" data-element_type=\"widget\" data-widget_type=\"heading.default\">\n\t\t\t\t<div class=\"elementor-widget-container\">\n\t\t\t\t\t<h4 class=\"elementor-heading-title elementor-size-default\">Ce spun clien\u021bii despre noi?\u200b<\/h4>\t\t\t\t<\/div>\n\t\t\t\t<\/div>\n\t\t\t\t<div class=\"elementor-element elementor-element-afd4e24 elementor-widget elementor-widget-ts-testimonial\" data-id=\"afd4e24\" data-element_type=\"widget\" data-widget_type=\"ts-testimonial.default\">\n\t\t\t\t<div class=\"elementor-widget-container\">\n\t\t\t\t\t\t\t\t<div class=\"ts-testimonial-wrapper ts-shortcode style-default columns-3 text-default ts-slider\" data-columns=\"3\" data-nav=\"0\" data-dots=\"0\" data-autoplay=\"0\">\n\t\t\n\t\t\t\t<div class=\"items \">\n\t\t\t\t\t\t\t\t\t<div class=\"item\">\n\t\t\t\t\t\t<blockquote>\n\t\t\t\t\t\t\t<div class=\"content\">\n\t\t\t\t\t\t\t\t<p>Am procurat de la voi fe\u021be de masa in stil traditional pentru cumetrie. Oaspetii au ramas impresionati si placut surprinsi!<\/p>\n\t\t\t\t\t\t\t<\/div>\n\t\t\t\t\t\t\n\t\t\t\t\t\t\t\t\t\t\t\t\t\t\t<div class=\"rating\" title=\"Rated 5 out of 5\">\n\t\t\t\t\t\t\t\t\t<span style=\"width: 100%\">Rated 5 out of 5<\/span>\n\t\t\t\t\t\t\t\t<\/div>\n\t\t\t\t\t\t\t\t\t\t\t\t\t\t\n\t\t\t\t\t\t\t\t\t\t\t\t\t\t<div class=\"author-role\">\n\t\t\t\t\t\t\t\n\t\t\t\t\t\t\t\t\t\t\t\t\t\t\t\n\t\t\t\t\t\t\t\t\t\t\t\t\t\t\t\t<span class=\"author\">\n\t\t\t\t\t\t\t\t\t<a href=\"#\" target=\"_blank\">Dana Targon<\/a>\n\t\t\t\t\t\t\t\t<\/span>\n\t\t\t\t\t\t\t\t\t\t\t\t\t\t\t\t\n\t\t\t\t\t\t\t\t\t\t\t\t\t\t\t\t<span class=\"role\"><\/span>\n\t\t\t\t\t\t\t\t\t\t\t\t\t\t\t\t\n\t\t\t\t\t\t\t\t\t\t\t\t\t\t\t\t\n\t\t\t\t\t\t\t<\/div>\n\t\t\t\t\t\t\t\t\t\t\t\t\t\t\n\t\t\t\t\t\t<\/blockquote>\n\t\t\t\t\t<\/div>\n\t\t\t\t\t\t\t\t\t<\/div>\n\t\t\t<\/div>\n\t\t\t\t\t\t\t<\/div>\n\t\t\t\t<\/div>\n\t\t\t\t\t<\/div>\n\t\t<\/div>\n\t\t\t\t\t<\/div>\n\t\t<\/section>\n\t\t\t\t<section class=\"elementor-section elementor-top-section elementor-element elementor-element-8806371 elementor-section-boxed elementor-section-height-default elementor-section-height-default\" data-id=\"8806371\" data-element_type=\"section\">\n\t\t\t\t\t\t<div class=\"elementor-container elementor-column-gap-no\">\n\t\t\t\t\t<div class=\"elementor-column elementor-col-100 elementor-top-column elementor-element elementor-element-78249d6\" data-id=\"78249d6\" data-element_type=\"column\">\n\t\t\t<div class=\"elementor-widget-wrap elementor-element-populated\">\n\t\t\t\t\t\t<div class=\"elementor-element elementor-element-c344246 elementor-widget-divider--view-line elementor-widget elementor-widget-divider\" data-id=\"c344246\" data-element_type=\"widget\" data-widget_type=\"divider.default\">\n\t\t\t\t<div class=\"elementor-widget-container\">\n\t\t\t\t\t\t\t<div class=\"elementor-divider\">\n\t\t\t<span class=\"elementor-divider-separator\">\n\t\t\t\t\t\t<\/span>\n\t\t<\/div>\n\t\t\t\t\t\t<\/div>\n\t\t\t\t<\/div>\n\t\t\t\t\t<\/div>\n\t\t<\/div>\n\t\t\t\t\t<\/div>\n\t\t<\/section>\n\t\t\t\t<\/div>\n\t\t","protected":false},"excerpt":{"rendered":"<p>Despre noi Compania &#8220;TEXTIL M GRUP &#8221; a fost \u00eenfiin\u021bat\u0103 \u00een 2016 cu scopul comercializ\u0103rii textilelor, \u0219i anume a lenjeriei de pat \u0219i a lenjeriei de buc\u0103t\u0103rie. Astfel, &#8220;Textil M Grup&#8221; S.R.L. a selectat compania &#8220;TIROTEX&#8221; din regiunea transnistrean\u0103 , antrenat\u0103 \u00een producerea articolelor textile, calitatea produselor fiind apreciat\u0103 cu certificatul OEKO-TEX\u00ae Standard 100, ceea [&hellip;]<\/p>\n","protected":false},"author":1,"featured_media":0,"parent":0,"menu_order":0,"comment_status":"closed","ping_status":"closed","template":"","meta":{"footnotes":""},"class_list":["post-357","page","type-page","status-publish","hentry"],"_links":{"self":[{"href":"https:\/\/textil.md\/index.php?rest_route=\/wp\/v2\/pages\/357","targetHints":{"allow":["GET"]}}],"collection":[{"href":"https:\/\/textil.md\/index.php?rest_route=\/wp\/v2\/pages"}],"about":[{"href":"https:\/\/textil.md\/index.php?rest_route=\/wp\/v2\/types\/page"}],"author":[{"embeddable":true,"href":"https:\/\/textil.md\/index.php?rest_route=\/wp\/v2\/users\/1"}],"replies":[{"embeddable":true,"href":"https:\/\/textil.md\/index.php?rest_route=%2Fwp%2Fv2%2Fcomments&post=357"}],"version-history":[{"count":0,"href":"https:\/\/textil.md\/index.php?rest_route=\/wp\/v2\/pages\/357\/revisions"}],"wp:attachment":[{"href":"https:\/\/textil.md\/index.php?rest_route=%2Fwp%2Fv2%2Fmedia&parent=357"}],"curies":[{"name":"wp","href":"https:\/\/api.w.org\/{rel}","templated":true}]}}