{"id":24129,"date":"2021-11-28T16:24:25","date_gmt":"2021-11-28T16:24:25","guid":{"rendered":"https:\/\/textil.md\/2023\/product\/lenjerie-de-pat-pentru-copii-minnie-mouse-110144-cm\/"},"modified":"2024-06-26T02:20:48","modified_gmt":"2024-06-25T23:20:48","slug":"lenjerie-de-pat-pentru-copii-minnie-mouse-110144-cm","status":"publish","type":"product","link":"https:\/\/textil.md\/?product=lenjerie-de-pat-pentru-copii-minnie-mouse-110144-cm","title":{"rendered":"Lenjerie de pat pentru copii &#8220;Minnie Mouse&#8221; 110*144 cm"},"content":{"rendered":"<div style=\"outline: 0px; -webkit-font-smoothing: antialiased; padding-top: 0px; margin-top: 0px; caret-color: #323131; color: #323131; font-size: 14px; font-family: RobotoNewRegular;\">\n<p><strong>Lenjerie de Pat cu Personaje Dragi din Filmele de Anima\u021bie<\/strong><\/p>\n<p>Acest set de lenjerie de pat va captiva imediat inimile copiilor. Cu personaje iubite din filmele de anima\u021bie, aceast\u0103 lenjerie este un must-have \u00een orice camer\u0103 de copii sau pe patul de la gr\u0103dini\u021b\u0103. \u021aes\u0103tura de bumbac, pl\u0103cut\u0103 la atingere, garanteaz\u0103 un somn confortabil \u0219i relaxant. Lenjeria este certificat\u0103 OEKO-Tex Standard 100, garant\u00e2nd calitate \u0219i siguran\u021b\u0103.<\/p>\n<p><strong>Setul Include:<\/strong><\/p>\n<ul>\n<li><em>Cear\u0219af de Plapum\u0103 108 x 143 cm<\/em>: Ideal pentru a \u00eenv\u0103lui copiii \u00eentr-un somn de vis \u0219i pentru a le oferi c\u0103ldur\u0103 \u0219i confort \u00een nop\u021bile reci de iarn\u0103.<\/li>\n<li><em>Cear\u0219af de Pat 110 x 144 cm<\/em>: Potrivit pentru orice pat de dimensiuni standard, acest cear\u0219af adaug\u0103 o not\u0103 vesel\u0103 \u0219i colorat\u0103 \u00een orice dormitor.<\/li>\n<li><em>Fa\u021b\u0103 de Pern\u0103 50 x 50 cm<\/em>: Cu personajele preferate pe pern\u0103, visele devin mai distractive \u0219i mai magice.<\/li>\n<\/ul>\n<p>Aduc\u00e2nd acest set de lenjerie acas\u0103, copiii se vor sim\u021bi \u00een compania prietenilor lor prefera\u021bi \u00een fiecare zi \u0219i vor adormi cu z\u00e2mbetul pe buze. Investi\u021bi \u00een somnul lor \u0219i \u00een momentele minunate petrecute \u00een pat cu aceast\u0103 lenjerie.<\/p>\n<p>Descoperi\u021bi magia somnului cu personaje dragi din filmele de anima\u021bie. Achizi\u021biona\u021bi acum acest set minunat pentru a oferi copilului dvs. o experien\u021b\u0103 de vis \u00een fiecare noapte.<\/p>\n<\/div>\n","protected":false},"excerpt":{"rendered":"<p>Lenjerie de Pat cu Personaje Dragi din Filmele de Anima\u021bie Acest set de lenjerie de pat va captiva imediat inimile copiilor. Cu personaje iubite din filmele de anima\u021bie, aceast\u0103 lenjerie este un must-have \u00een orice camer\u0103 de copii sau pe patul de la gr\u0103dini\u021b\u0103. \u021aes\u0103tura de bumbac, pl\u0103cut\u0103 la atingere, garanteaz\u0103 un somn confortabil \u0219i [&hellip;]<\/p>\n","protected":false},"featured_media":24127,"comment_status":"open","ping_status":"closed","template":"","meta":[],"product_brand":[],"product_cat":[268],"product_tag":[],"class_list":{"0":"post-24129","1":"product","2":"type-product","3":"status-publish","4":"has-post-thumbnail","6":"product_cat-lenjerie-de-pat-pentru-copii","8":"first","9":"instock","10":"shipping-taxable","11":"purchasable","12":"product-type-simple"},"_links":{"self":[{"href":"https:\/\/textil.md\/index.php?rest_route=\/wp\/v2\/product\/24129","targetHints":{"allow":["GET"]}}],"collection":[{"href":"https:\/\/textil.md\/index.php?rest_route=\/wp\/v2\/product"}],"about":[{"href":"https:\/\/textil.md\/index.php?rest_route=\/wp\/v2\/types\/product"}],"replies":[{"embeddable":true,"href":"https:\/\/textil.md\/index.php?rest_route=%2Fwp%2Fv2%2Fcomments&post=24129"}],"wp:featuredmedia":[{"embeddable":true,"href":"https:\/\/textil.md\/index.php?rest_route=\/wp\/v2\/media\/24127"}],"wp:attachment":[{"href":"https:\/\/textil.md\/index.php?rest_route=%2Fwp%2Fv2%2Fmedia&parent=24129"}],"wp:term":[{"taxonomy":"product_brand","embeddable":true,"href":"https:\/\/textil.md\/index.php?rest_route=%2Fwp%2Fv2%2Fproduct_brand&post=24129"},{"taxonomy":"product_cat","embeddable":true,"href":"https:\/\/textil.md\/index.php?rest_route=%2Fwp%2Fv2%2Fproduct_cat&post=24129"},{"taxonomy":"product_tag","embeddable":true,"href":"https:\/\/textil.md\/index.php?rest_route=%2Fwp%2Fv2%2Fproduct_tag&post=24129"}],"curies":[{"name":"wp","href":"https:\/\/api.w.org\/{rel}","templated":true}]}}