{"id":24603,"date":"2023-08-03T11:17:29","date_gmt":"2023-08-03T11:17:29","guid":{"rendered":"https:\/\/textil.md\/2023\/product\/punga-pentru-o-sticla\/"},"modified":"2023-10-23T12:25:34","modified_gmt":"2023-10-23T09:25:34","slug":"punga-pentru-o-sticla","status":"publish","type":"product","link":"https:\/\/textil.md\/?product=punga-pentru-o-sticla","title":{"rendered":"PUNG\u0102 PENTRU O STICL\u0102"},"content":{"rendered":"<p class=\"_04xlpA direction-ltr align-justify para-style-body\" style=\"--font-size: 13.3333px; --line-height: 1.4; line-height: 18px;\"><font face=\"Times New Roman\"><span class=\"WdYUQQ text-decoration-none text-strikethrough-none\" style=\"\">Pungile din ne\u021besut pentru sticle sunt ambalaje speciale care asigur\u0103 o protec\u021bie suplimentar\u0103 pentru sticlele de diferite dimensiuni \u0219i forme. Acestea sunt fabricate din material ne\u021besut durabil, care ofer\u0103 rezisten\u021b\u0103 \u0219i durabilitate \u00een timp ce previne zg\u00e2rierea sau spargerea sticlelor.<\/span><span class=\"WdYUQQ text-decoration-none text-strikethrough-none white-space-prewrap\" style=\"\"> <\/span><\/font><\/p>\n<p class=\"_04xlpA direction-ltr align-justify para-style-body\" style=\"--font-size: 13.3333px; --line-height: 1.4; line-height: 18px;\"><font face=\"Times New Roman\"><span class=\"WdYUQQ white-space-prewrap text-decoration-none text-strikethrough-none\" style=\"\">        <\/span><span class=\"WdYUQQ text-decoration-none text-strikethrough-none\" style=\"\">Pungile din ne\u021besut pentru sticle sunt disponibile \u00eentr-o varietate de modele \u0219i culori, astfel \u00eenc\u00e2t s\u0103 pute\u021bi alege un design care s\u0103 se potriveasc\u0103 stilului sau scopului dorit. De exemplu, pute\u021bi g\u0103si pungi cu m\u00e2nere pentru a facilita transportul sau cu inser\u021bii pentru a separa \u0219i proteja fiecare sticl\u0103 \u00een mod individual.<\/span><\/font><\/p>\n","protected":false},"excerpt":{"rendered":"<p>Pungile din ne\u021besut pentru sticle sunt ambalaje speciale care asigur\u0103 o protec\u021bie suplimentar\u0103 pentru sticlele de diferite dimensiuni \u0219i forme. Acestea sunt fabricate din material ne\u021besut durabil, care ofer\u0103 rezisten\u021b\u0103 \u0219i durabilitate \u00een timp ce previne zg\u00e2rierea sau spargerea sticlelor. Pungile din ne\u021besut pentru sticle sunt disponibile \u00eentr-o varietate de modele \u0219i culori, astfel \u00eenc\u00e2t [&hellip;]<\/p>\n","protected":false},"featured_media":0,"comment_status":"open","ping_status":"closed","template":"","meta":[],"product_brand":[],"product_cat":[264],"product_tag":[],"class_list":{"0":"post-24603","1":"product","2":"type-product","3":"status-publish","5":"product_cat-pungi-din-netesute","7":"first","8":"instock","9":"shipping-taxable","10":"purchasable","11":"product-type-simple"},"_links":{"self":[{"href":"https:\/\/textil.md\/index.php?rest_route=\/wp\/v2\/product\/24603","targetHints":{"allow":["GET"]}}],"collection":[{"href":"https:\/\/textil.md\/index.php?rest_route=\/wp\/v2\/product"}],"about":[{"href":"https:\/\/textil.md\/index.php?rest_route=\/wp\/v2\/types\/product"}],"replies":[{"embeddable":true,"href":"https:\/\/textil.md\/index.php?rest_route=%2Fwp%2Fv2%2Fcomments&post=24603"}],"wp:attachment":[{"href":"https:\/\/textil.md\/index.php?rest_route=%2Fwp%2Fv2%2Fmedia&parent=24603"}],"wp:term":[{"taxonomy":"product_brand","embeddable":true,"href":"https:\/\/textil.md\/index.php?rest_route=%2Fwp%2Fv2%2Fproduct_brand&post=24603"},{"taxonomy":"product_cat","embeddable":true,"href":"https:\/\/textil.md\/index.php?rest_route=%2Fwp%2Fv2%2Fproduct_cat&post=24603"},{"taxonomy":"product_tag","embeddable":true,"href":"https:\/\/textil.md\/index.php?rest_route=%2Fwp%2Fv2%2Fproduct_tag&post=24603"}],"curies":[{"name":"wp","href":"https:\/\/api.w.org\/{rel}","templated":true}]}}