{"id":25365,"date":"2023-11-10T14:26:28","date_gmt":"2023-11-10T11:26:28","guid":{"rendered":"https:\/\/textil.md\/?post_type=product&#038;p=25365"},"modified":"2024-06-02T00:00:06","modified_gmt":"2024-06-01T21:00:06","slug":"sort-de-bucatarie-3","status":"publish","type":"product","link":"https:\/\/textil.md\/?product=sort-de-bucatarie-3","title":{"rendered":"\u0218or\u021b de buc\u0103t\u0103rie 59*75cm, 100% bumbac"},"content":{"rendered":"<div class=\"flex-1 overflow-hidden\">\n<div class=\"react-scroll-to-bottom--css-rconh-79elbk h-full\">\n<div class=\"react-scroll-to-bottom--css-rconh-1n7m0yu\">\n<div class=\"flex flex-col pb-9 text-sm\">\n<div class=\"w-full text-token-text-primary\" data-testid=\"conversation-turn-11\">\n<div class=\"px-4 py-2 justify-center text-base md:gap-6 m-auto\">\n<div class=\"flex flex-1 text-base mx-auto gap-3 md:px-5 lg:px-1 xl:px-5 md:max-w-3xl lg:max-w-[40rem] xl:max-w-[48rem] } group final-completion\">\n<div class=\"relative flex w-full flex-col lg:w-[calc(100%-115px)] agent-turn\">\n<div class=\"flex-col gap-1 md:gap-3\">\n<div class=\"flex flex-grow flex-col max-w-full\">\n<div class=\"min-h-[20px] text-message flex flex-col items-start gap-3 whitespace-pre-wrap break-words [.text-message+&amp;]:mt-5 overflow-x-auto\" data-message-author-role=\"assistant\" data-message-id=\"65587f6e-1366-414a-8f75-7b421b5dd148\">\n<div class=\"markdown prose w-full break-words dark:prose-invert light\">\n<p><strong>Descoper\u0103 Buc\u0103t\u0103ria cu Stil cu \u0218or\u021bul de Buc\u0103t\u0103rie Fresh Harvest<\/strong><\/p>\n<p>Cu dimensiunile perfecte de 59&#215;75 cm, \u0218or\u021bul de Buc\u0103t\u0103rie Fresh Harvest este partenerul ideal pentru fiecare buc\u0103t\u0103rie. Confec\u021bionat exclusiv din bumbac 100%, acest \u0219or\u021b nu doar c\u0103 ofer\u0103 protec\u021bie suprem\u0103 hainelor tale, dar adaug\u0103 \u0219i o not\u0103 de prospe\u021bime \u0219i bucurie \u00een timpul g\u0103titului.<\/p>\n<p>Calitatea produsului este garantat\u0103 prin certificarea OEKO-TEX 100, ceea ce \u00eenseamn\u0103 c\u0103 te po\u021bi bucura de confort \u0219i siguran\u021b\u0103 \u00een timpul folosirii. Fiind confec\u021bionat din bumbac, \u0219or\u021bul este u\u0219or de \u00eentre\u021binut \u0219i rezistent la uzur\u0103, iar certificarea asigur\u0103 c\u0103 produsul este lipsit de substan\u021be d\u0103un\u0103toare.<\/p>\n<p>Imprimeul vibrant cu fructe aduce o not\u0103 de prospe\u021bime \u0219i vitalitate \u00een buc\u0103t\u0103rie. Design-ul plin de culoare rezist\u0103 cu succes la numeroase sp\u0103l\u0103ri, p\u0103str\u00e2ndu-\u0219i aspectul proasp\u0103t \u0219i original.<\/p>\n<p>\u0218or\u021bul de Buc\u0103t\u0103rie Fresh Harvest este nu doar un accesoriu practic, ci \u0219i o alegere economic\u0103. La un pre\u021b foarte mic, prime\u0219ti un produs de \u00eenalt\u0103 calitate, care adaug\u0103 o not\u0103 de elegan\u021b\u0103 \u00een spa\u021biul t\u0103u culinar.<\/p>\n<p>Alege \u0218or\u021bul de Buc\u0103t\u0103rie Fresh Harvest pentru a aduce un strop de veselie \u0219i protec\u021bie \u00een buc\u0103t\u0103ria ta. Cu acest \u0219or\u021b, g\u0103titul devine o experien\u021b\u0103 pl\u0103cut\u0103 \u0219i stilat\u0103, iar hainele tale r\u0103m\u00e2n curate \u0219i impecabile.<\/p>\n<\/div>\n<\/div>\n<\/div>\n<div class=\"mt-1 flex justify-start gap-3 empty:hidden\">\n<div class=\"text-gray-400 flex self-end lg:self-center justify-center lg:justify-start mt-0 gap-1 visible\"><button class=\"flex items-center gap-1.5 rounded-md p-1 pl-0 text-xs hover:text-gray-950 dark:text-gray-400 dark:hover:text-gray-200 disabled:dark:hover:text-gray-400 md:invisible md:group-hover:visible md:group-[.final-completion]:visible\"><\/button><\/p>\n<div class=\"flex gap-1\"><\/div>\n<div class=\"flex items-center gap-1.5 text-xs\"><\/div>\n<\/div>\n<\/div>\n<\/div>\n<\/div>\n<\/div>\n<\/div>\n<\/div>\n<\/div>\n<\/div>\n<\/div>\n<\/div>\n<div class=\"w-full pt-2 md:pt-0 dark:border-white\/20 md:border-transparent md:dark:border-transparent md:w-[calc(100%-.5rem)]\">\n<form class=\"stretch mx-2 flex flex-row gap-3 last:mb-2 md:mx-4 md:last:mb-6 lg:mx-auto lg:max-w-2xl xl:max-w-3xl\">\n<div class=\"relative flex h-full flex-1 items-stretch md:flex-col\">\n<div class=\"flex w-full items-center\"><\/div>\n<\/div>\n<\/form>\n<\/div>\n","protected":false},"excerpt":{"rendered":"<p>Descoper\u0103 Buc\u0103t\u0103ria cu Stil cu \u0218or\u021bul de Buc\u0103t\u0103rie Fresh Harvest Cu dimensiunile perfecte de 59&#215;75 cm, \u0218or\u021bul de Buc\u0103t\u0103rie Fresh Harvest este partenerul ideal pentru fiecare buc\u0103t\u0103rie. Confec\u021bionat exclusiv din bumbac 100%, acest \u0219or\u021b nu doar c\u0103 ofer\u0103 protec\u021bie suprem\u0103 hainelor tale, dar adaug\u0103 \u0219i o not\u0103 de prospe\u021bime \u0219i bucurie \u00een timpul g\u0103titului. Calitatea [&hellip;]<\/p>\n","protected":false},"featured_media":25366,"comment_status":"open","ping_status":"closed","template":"","meta":[],"product_brand":[],"product_cat":[277],"product_tag":[],"class_list":{"0":"post-25365","1":"product","2":"type-product","3":"status-publish","4":"has-post-thumbnail","6":"product_cat-sorturi-de-bucatarie","8":"first","9":"instock","10":"shipping-taxable","11":"purchasable","12":"product-type-simple"},"_links":{"self":[{"href":"https:\/\/textil.md\/index.php?rest_route=\/wp\/v2\/product\/25365","targetHints":{"allow":["GET"]}}],"collection":[{"href":"https:\/\/textil.md\/index.php?rest_route=\/wp\/v2\/product"}],"about":[{"href":"https:\/\/textil.md\/index.php?rest_route=\/wp\/v2\/types\/product"}],"replies":[{"embeddable":true,"href":"https:\/\/textil.md\/index.php?rest_route=%2Fwp%2Fv2%2Fcomments&post=25365"}],"wp:featuredmedia":[{"embeddable":true,"href":"https:\/\/textil.md\/index.php?rest_route=\/wp\/v2\/media\/25366"}],"wp:attachment":[{"href":"https:\/\/textil.md\/index.php?rest_route=%2Fwp%2Fv2%2Fmedia&parent=25365"}],"wp:term":[{"taxonomy":"product_brand","embeddable":true,"href":"https:\/\/textil.md\/index.php?rest_route=%2Fwp%2Fv2%2Fproduct_brand&post=25365"},{"taxonomy":"product_cat","embeddable":true,"href":"https:\/\/textil.md\/index.php?rest_route=%2Fwp%2Fv2%2Fproduct_cat&post=25365"},{"taxonomy":"product_tag","embeddable":true,"href":"https:\/\/textil.md\/index.php?rest_route=%2Fwp%2Fv2%2Fproduct_tag&post=25365"}],"curies":[{"name":"wp","href":"https:\/\/api.w.org\/{rel}","templated":true}]}}