{"id":25447,"date":"2023-11-13T15:59:55","date_gmt":"2023-11-13T12:59:55","guid":{"rendered":"https:\/\/textil.md\/?post_type=product&#038;p=25447"},"modified":"2024-01-17T17:30:41","modified_gmt":"2024-01-17T14:30:41","slug":"set-lenjerie-de-pat-euro-240220-cm-12","status":"publish","type":"product","link":"https:\/\/textil.md\/?product=set-lenjerie-de-pat-euro-240220-cm-12","title":{"rendered":"Set lenjerie de pat euro 240*220 cm"},"content":{"rendered":"<div class=\"flex-1 overflow-hidden\">\n<div class=\"react-scroll-to-bottom--css-xlhuw-79elbk h-full\">\n<div class=\"react-scroll-to-bottom--css-xlhuw-1n7m0yu\">\n<div class=\"flex flex-col text-sm gizmo:pb-9 dark:bg-gray-800 gizmo:dark:bg-transparent\">\n<div class=\"w-full text-token-text-primary border-b border-black\/10 gizmo:border-0 dark:border-gray-900\/50 gizmo:dark:border-0 bg-gray-50 gizmo:bg-transparent dark:bg-[#444654] gizmo:dark:bg-transparent\" data-testid=\"conversation-turn-5\">\n<div class=\"p-4 gizmo:py-2 justify-center text-base md:gap-6 md:py-6 m-auto\">\n<div class=\"flex flex-1 gap-4 text-base mx-auto md:gap-6 gizmo:gap-3 gizmo:md:px-5 gizmo:lg:px-1 gizmo:xl:px-5 md:max-w-2xl lg:max-w-[38rem] gizmo:md:max-w-3xl gizmo:lg:max-w-[40rem] gizmo:xl:max-w-[48rem] xl:max-w-3xl } group final-completion\">\n<div class=\"relative flex w-[calc(100%-50px)] flex-col gizmo:w-full lg:w-[calc(100%-115px)] agent-turn\">\n<div class=\"flex-col gap-1 md:gap-3\">\n<div class=\"flex flex-grow flex-col max-w-full gap-3 gizmo:gap-0\">\n<div class=\"min-h-[20px] text-message flex flex-col items-start gap-3 whitespace-pre-wrap break-words [.text-message+&amp;]:mt-5 overflow-x-auto\" data-message-author-role=\"assistant\" data-message-id=\"02c3d701-daf0-4caa-8768-52cf6adce263\">\n<div class=\"markdown prose w-full break-words dark:prose-invert light\">\n<p>Descoper\u0103 luxul absolut \u00een dormitorul t\u0103u cu noul nostru set de lenjerie de pat cu dimensiuni euro, compus din 4 piese excep\u021bionale. Cele dou\u0103 fe\u021be de pern\u0103 generoase, m\u0103sur\u00e2nd 70&#215;70 cm, adaug\u0103 o not\u0103 de elegan\u021b\u0103 \u0219i confort, iar, la nevoie, se pot adapta cu u\u0219urin\u021b\u0103 la pernele tale preferate de 70&#215;50 cm.<\/p>\n<p>Cear\u0219aful de pat, cu dimensiunile impresionante de 240&#215;220 cm, \u0219i cear\u0219aful de plapum\u0103 de 200&#215;215 cm, transform\u0103 dormitorul \u00eentr-un sanctuar de relaxare \u0219i odihn\u0103. Fabricate din 100% bumbac, aceste piese nu doar \u00eembr\u0103\u021bi\u0219eaz\u0103 corpul \u00eentr-un confort inegalabil, ci asigur\u0103 \u0219i un somn odihnitor \u0219i r\u0103coros.<\/p>\n<p>Calitatea noastr\u0103 este garantat\u0103 de certificatul OEKO-TEX 100, pentru o lenjerie care este sigur\u0103 \u0219i prietenoas\u0103 cu pielea ta \u0219i cu mediul \u00eenconjur\u0103tor. Culorile imprimeului r\u0103m\u00e2n vii \u0219i rezistente la trecerea timpului, oferindu-\u021bi bucurie vizual\u0103 \u0219i prospetime continu\u0103.<\/p>\n<p>Stofa de tip stamb\u0103, cea mai rezistent\u0103 alegere pentru lenjeria de pat, adaug\u0103 o not\u0103 de durabilitate \u0219i lux. Cu fiecare sp\u0103lare, devine tot mai fin\u0103, oferindu-\u021bi un contact delicat cu pielea \u0219i cre\u00e2nd o experien\u021b\u0103 de somn care se \u00eembun\u0103t\u0103\u021be\u0219te cu timpul.<\/p>\n<p>Acest set de lenjerie de pat nu este doar o investi\u021bie \u00een confortul t\u0103u personal, ci \u0219i un cadou perfect pentru cei dragi. Transform\u0103 orice dormitor \u00eentr-un spa\u021biu de relaxare \u0219i rafinament cu acest set de lenjerie euro, realizat pentru a aduce bucurie \u0219i elegan\u021b\u0103 \u00een fiecare noapte.<\/p>\n<\/div>\n<\/div>\n<\/div>\n<div class=\"flex justify-between empty:hidden gizmo:mt-1 gizmo:justify-start gizmo:gap-3 lg:block gizmo:lg:flex\">\n<div class=\"text-gray-400 flex self-end lg:self-center justify-center gizmo:lg:justify-start mt-2 gizmo:mt-0 visible gap-1\">\n<p>&nbsp;<\/p>\n<div class=\"flex gap-1\"><\/div>\n<div class=\"flex items-center gap-1.5 text-xs\"><\/div>\n<\/div>\n<\/div>\n<\/div>\n<\/div>\n<\/div>\n<\/div>\n<\/div>\n<\/div>\n<\/div>\n<\/div>\n<\/div>\n<div class=\"w-full pt-2 md:pt-0 border-t md:border-t-0 gizmo:border-t-0 dark:border-white\/20 md:border-transparent md:dark:border-transparent md:pl-2 gizmo:pl-0 gizmo:md:pl-0 md:w-[calc(100%-.5rem)]\">\n<form class=\"stretch mx-2 flex flex-row gap-3 last:mb-2 md:mx-4 md:last:mb-6 lg:mx-auto lg:max-w-2xl xl:max-w-3xl\">\n<div class=\"relative flex h-full flex-1 items-stretch md:flex-col\">\n<div class=\"flex w-full items-center\"><\/div>\n<\/div>\n<\/form>\n<\/div>\n","protected":false},"excerpt":{"rendered":"<p>Descoper\u0103 luxul absolut \u00een dormitorul t\u0103u cu noul nostru set de lenjerie de pat cu dimensiuni euro, compus din 4 piese excep\u021bionale. Cele dou\u0103 fe\u021be de pern\u0103 generoase, m\u0103sur\u00e2nd 70&#215;70 cm, adaug\u0103 o not\u0103 de elegan\u021b\u0103 \u0219i confort, iar, la nevoie, se pot adapta cu u\u0219urin\u021b\u0103 la pernele tale preferate de 70&#215;50 cm. Cear\u0219aful de [&hellip;]<\/p>\n","protected":false},"featured_media":25284,"comment_status":"open","ping_status":"closed","template":"","meta":[],"product_brand":[],"product_cat":[269,295],"product_tag":[],"class_list":{"0":"post-25447","1":"product","2":"type-product","3":"status-publish","4":"has-post-thumbnail","6":"product_cat-lenjerie-de-pat-lenjerie-de-pat","7":"product_cat-lenjerie-de-pat-euro","9":"first","10":"instock","11":"shipping-taxable","12":"purchasable","13":"product-type-simple"},"_links":{"self":[{"href":"https:\/\/textil.md\/index.php?rest_route=\/wp\/v2\/product\/25447","targetHints":{"allow":["GET"]}}],"collection":[{"href":"https:\/\/textil.md\/index.php?rest_route=\/wp\/v2\/product"}],"about":[{"href":"https:\/\/textil.md\/index.php?rest_route=\/wp\/v2\/types\/product"}],"replies":[{"embeddable":true,"href":"https:\/\/textil.md\/index.php?rest_route=%2Fwp%2Fv2%2Fcomments&post=25447"}],"wp:featuredmedia":[{"embeddable":true,"href":"https:\/\/textil.md\/index.php?rest_route=\/wp\/v2\/media\/25284"}],"wp:attachment":[{"href":"https:\/\/textil.md\/index.php?rest_route=%2Fwp%2Fv2%2Fmedia&parent=25447"}],"wp:term":[{"taxonomy":"product_brand","embeddable":true,"href":"https:\/\/textil.md\/index.php?rest_route=%2Fwp%2Fv2%2Fproduct_brand&post=25447"},{"taxonomy":"product_cat","embeddable":true,"href":"https:\/\/textil.md\/index.php?rest_route=%2Fwp%2Fv2%2Fproduct_cat&post=25447"},{"taxonomy":"product_tag","embeddable":true,"href":"https:\/\/textil.md\/index.php?rest_route=%2Fwp%2Fv2%2Fproduct_tag&post=25447"}],"curies":[{"name":"wp","href":"https:\/\/api.w.org\/{rel}","templated":true}]}}