{"id":25518,"date":"2023-11-23T16:04:47","date_gmt":"2023-11-23T13:04:47","guid":{"rendered":"https:\/\/textil.md\/?post_type=product&#038;p=25518"},"modified":"2024-01-24T17:00:06","modified_gmt":"2024-01-24T14:00:06","slug":"set-lenjerie-de-pat-145215cm","status":"publish","type":"product","link":"https:\/\/textil.md\/?product=set-lenjerie-de-pat-145215cm","title":{"rendered":"Set lenjerie de pat 145*215cm"},"content":{"rendered":"<p>Descoper\u0103 pl\u0103cerea \u0219i rafinamentul \u00eentr-un set de lenjerie de pat pentru o persoan\u0103, compus din 4 piese excep\u021bionale. Cu dou\u0103 fe\u021be de pern\u0103 m\u0103sur\u00e2nd 70&#215;70 cm, acest set adaug\u0103 o not\u0103 de lux \u0219i confort oric\u0103rui dormitor. Oferindu-\u021bi posibilitatea de a le modifica pentru a se potrivi pernelor cu dimensiunile de 70&#215;50 cm, aducem o personalizare perfect\u0103 pentru preferin\u021bele tale.<\/p>\n<p>Cear\u0219aful de pat, cu dimensiunile de 145&#215;215 cm, \u0219i cear\u0219aful de plapum\u0103, de asemenea, de 145&#215;215 cm, completeaz\u0103 perfect experien\u021ba ta de somn. Realizate din 100% bumbac, aceste piese nu doar \u00eembr\u0103\u021bi\u0219eaz\u0103 corpul cu o pl\u0103cere delicat\u0103, dar asigur\u0103 \u0219i un somn odihnitor \u0219i r\u0103coros.<\/p>\n<p>Certificatul de calitate OEKO-TEX 100 atest\u0103 c\u0103 lenjeria noastr\u0103 este creat\u0103 f\u0103r\u0103 substan\u021be nocive, oferindu-\u021bi astfel o solu\u021bie sigur\u0103 \u0219i prietenoas\u0103 cu pielea ta \u0219i cu mediul \u00eenconjur\u0103tor. Culorile vii ale imprimeului sunt proiectate pentru a rezista trecerii timpului, asigur\u00e2ndu-\u021bi un aspect proasp\u0103t \u0219i plin de via\u021b\u0103 pentru mul\u021bi ani de acum \u00eenainte.<\/p>\n<p>Stofa de tip stamb\u0103, cea mai rezistent\u0103 alegere pentru lenjeria de pat, garanteaz\u0103 durabilitatea \u0219i rezisten\u021ba \u00een timp. Fiecare sp\u0103lare transform\u0103 stofa \u00eentr-o textur\u0103 tot mai fin\u0103, oferindu-\u021bi o pl\u0103cere continu\u0103 la fiecare atingere.<\/p>\n<p>Acest set de lenjerie de pat nu este doar o achizi\u021bie pentru tine, ci \u0219i un cadou perfect pentru cei dragi. Transform\u0103 dormitorul \u00eentr-un loc de rafinament \u0219i confort cu acest set de lenjerie de excep\u021bie, perfect pentru oricine apreciaz\u0103 calitatea \u0219i elegan\u021ba.<\/p>\n","protected":false},"excerpt":{"rendered":"<p>Descoper\u0103 pl\u0103cerea \u0219i rafinamentul \u00eentr-un set de lenjerie de pat pentru o persoan\u0103, compus din 4 piese excep\u021bionale. Cu dou\u0103 fe\u021be de pern\u0103 m\u0103sur\u00e2nd 70&#215;70 cm, acest set adaug\u0103 o not\u0103 de lux \u0219i confort oric\u0103rui dormitor. Oferindu-\u021bi posibilitatea de a le modifica pentru a se potrivi pernelor cu dimensiunile de 70&#215;50 cm, aducem o [&hellip;]<\/p>\n","protected":false},"featured_media":25220,"comment_status":"open","ping_status":"closed","template":"","meta":[],"product_brand":[],"product_cat":[269,259,274],"product_tag":[],"class_list":{"0":"post-25518","1":"product","2":"type-product","3":"status-publish","4":"has-post-thumbnail","6":"product_cat-lenjerie-de-pat-lenjerie-de-pat","7":"product_cat-lenjerie-de-pat","8":"product_cat-lenjerie-de-pat-pentru-o-persoana","10":"first","11":"instock","12":"shipping-taxable","13":"purchasable","14":"product-type-simple"},"_links":{"self":[{"href":"https:\/\/textil.md\/index.php?rest_route=\/wp\/v2\/product\/25518","targetHints":{"allow":["GET"]}}],"collection":[{"href":"https:\/\/textil.md\/index.php?rest_route=\/wp\/v2\/product"}],"about":[{"href":"https:\/\/textil.md\/index.php?rest_route=\/wp\/v2\/types\/product"}],"replies":[{"embeddable":true,"href":"https:\/\/textil.md\/index.php?rest_route=%2Fwp%2Fv2%2Fcomments&post=25518"}],"wp:featuredmedia":[{"embeddable":true,"href":"https:\/\/textil.md\/index.php?rest_route=\/wp\/v2\/media\/25220"}],"wp:attachment":[{"href":"https:\/\/textil.md\/index.php?rest_route=%2Fwp%2Fv2%2Fmedia&parent=25518"}],"wp:term":[{"taxonomy":"product_brand","embeddable":true,"href":"https:\/\/textil.md\/index.php?rest_route=%2Fwp%2Fv2%2Fproduct_brand&post=25518"},{"taxonomy":"product_cat","embeddable":true,"href":"https:\/\/textil.md\/index.php?rest_route=%2Fwp%2Fv2%2Fproduct_cat&post=25518"},{"taxonomy":"product_tag","embeddable":true,"href":"https:\/\/textil.md\/index.php?rest_route=%2Fwp%2Fv2%2Fproduct_tag&post=25518"}],"curies":[{"name":"wp","href":"https:\/\/api.w.org\/{rel}","templated":true}]}}