{"id":25602,"date":"2023-12-02T13:20:28","date_gmt":"2023-12-02T10:20:28","guid":{"rendered":"https:\/\/textil.md\/?post_type=product&#038;p=25602"},"modified":"2023-12-02T13:20:29","modified_gmt":"2023-12-02T10:20:29","slug":"set-din-2-prosoape-3970cm-100-bumbac-2","status":"publish","type":"product","link":"https:\/\/textil.md\/?product=set-din-2-prosoape-3970cm-100-bumbac-2","title":{"rendered":"Set din 2 prosoape 39*70cm, 100% bumbac"},"content":{"rendered":"<p>Experimenteaz\u0103 farmecul s\u0103rb\u0103torilor cu setul nostru premium de dou\u0103 prosoape din 100% bumbac, cu un uimitor imprimeu de Cr\u0103ciun. Dimensiunile generoase, 39*70cm, aduc un strop de magie \u00een buc\u0103t\u0103rie. Cu absorb\u021bie ideal\u0103 \u0219i certificate de calitate ISO 9001 \u0219i OEKO-TEX 100, aceste prosoape redefinesc confortul \u0219i siguran\u021ba. Alege s\u0103 \u00eembun\u0103t\u0103\u021be\u0219ti atmosfera \u0219i s\u0103 oferi un cadou memorabil celor dragi!<\/p>\n","protected":false},"excerpt":{"rendered":"<p>Experimenteaz\u0103 farmecul s\u0103rb\u0103torilor cu setul nostru premium de dou\u0103 prosoape din 100% bumbac, cu un uimitor imprimeu de Cr\u0103ciun. Dimensiunile generoase, 39*70cm, aduc un strop de magie \u00een buc\u0103t\u0103rie. Cu absorb\u021bie ideal\u0103 \u0219i certificate de calitate ISO 9001 \u0219i OEKO-TEX 100, aceste prosoape redefinesc confortul \u0219i siguran\u021ba. Alege s\u0103 \u00eembun\u0103t\u0103\u021be\u0219ti atmosfera \u0219i s\u0103 oferi un [&hellip;]<\/p>\n","protected":false},"featured_media":25603,"comment_status":"open","ping_status":"closed","template":"","meta":[],"product_brand":[],"product_cat":[283,278],"product_tag":[],"class_list":{"0":"post-25602","1":"product","2":"type-product","3":"status-publish","4":"has-post-thumbnail","6":"product_cat-craciun","7":"product_cat-prosoape-de-bucatarie","9":"first","10":"instock","11":"shipping-taxable","12":"purchasable","13":"product-type-simple"},"_links":{"self":[{"href":"https:\/\/textil.md\/index.php?rest_route=\/wp\/v2\/product\/25602","targetHints":{"allow":["GET"]}}],"collection":[{"href":"https:\/\/textil.md\/index.php?rest_route=\/wp\/v2\/product"}],"about":[{"href":"https:\/\/textil.md\/index.php?rest_route=\/wp\/v2\/types\/product"}],"replies":[{"embeddable":true,"href":"https:\/\/textil.md\/index.php?rest_route=%2Fwp%2Fv2%2Fcomments&post=25602"}],"wp:featuredmedia":[{"embeddable":true,"href":"https:\/\/textil.md\/index.php?rest_route=\/wp\/v2\/media\/25603"}],"wp:attachment":[{"href":"https:\/\/textil.md\/index.php?rest_route=%2Fwp%2Fv2%2Fmedia&parent=25602"}],"wp:term":[{"taxonomy":"product_brand","embeddable":true,"href":"https:\/\/textil.md\/index.php?rest_route=%2Fwp%2Fv2%2Fproduct_brand&post=25602"},{"taxonomy":"product_cat","embeddable":true,"href":"https:\/\/textil.md\/index.php?rest_route=%2Fwp%2Fv2%2Fproduct_cat&post=25602"},{"taxonomy":"product_tag","embeddable":true,"href":"https:\/\/textil.md\/index.php?rest_route=%2Fwp%2Fv2%2Fproduct_tag&post=25602"}],"curies":[{"name":"wp","href":"https:\/\/api.w.org\/{rel}","templated":true}]}}