{"id":25754,"date":"2023-12-18T11:17:36","date_gmt":"2023-12-18T08:17:36","guid":{"rendered":"https:\/\/textil.md\/?post_type=product&#038;p=25754"},"modified":"2023-12-18T11:35:22","modified_gmt":"2023-12-18T08:35:22","slug":"set-din-3-prosoape","status":"publish","type":"product","link":"https:\/\/textil.md\/?product=set-din-3-prosoape","title":{"rendered":"Set din 3 prosoape 47*70cm, 100% bumbac"},"content":{"rendered":"<div class=\"flex-1 overflow-hidden\">\n<div class=\"react-scroll-to-bottom--css-oyujg-79elbk h-full\">\n<div class=\"react-scroll-to-bottom--css-oyujg-1n7m0yu\">\n<div class=\"flex flex-col pb-9 text-sm\">\n<div class=\"w-full text-token-text-primary\" data-testid=\"conversation-turn-5\">\n<div class=\"px-4 py-2 justify-center text-base md:gap-6 m-auto\">\n<div class=\"flex flex-1 text-base mx-auto gap-3 md:px-5 lg:px-1 xl:px-5 md:max-w-3xl lg:max-w-[40rem] xl:max-w-[48rem] group final-completion\">\n<div class=\"relative flex w-full flex-col lg:w-[calc(100%-115px)] agent-turn\">\n<div class=\"flex-col gap-1 md:gap-3\">\n<div class=\"flex flex-grow flex-col max-w-full\">\n<div class=\"min-h-[20px] text-message flex flex-col items-start gap-3 whitespace-pre-wrap break-words [.text-message+&amp;]:mt-5 overflow-x-auto\" data-message-author-role=\"assistant\" data-message-id=\"66e3e65e-5ea2-48a2-894c-03dea04402fa\">\n<div class=\"markdown prose w-full break-words dark:prose-invert light\">\n<p>Introduc\u00e2nd \u00een universul confortului \u0219i rafinamentului, v\u0103 prezent\u0103m Setul de 3 prosoape 47&#215;70 cm din colec\u021bia noastr\u0103 exclusiv\u0103 de Anul Nou. Aceste prosoape, realizate integral din bumbac de cea mai \u00eenalt\u0103 calitate, aduc nu doar o not\u0103 de elegan\u021b\u0103, ci \u0219i bucuria specific\u0103 spiritului s\u0103rb\u0103torilor.<\/p>\n<p>Imprimat cu motive feerice ale Anului Nou, acest set de prosoape aduce \u00een centrul aten\u021biei dragoni gra\u021bio\u0219i, simbolul puterii \u0219i norocului pentru anul 2024. Detaliile impecabile \u0219i culorile vibrante confer\u0103 prosoapelor un aspect distinct, transform\u00e2nd orice spa\u021biu \u00eentr-un col\u021b al bucuriei \u0219i al tradi\u021biei.<\/p>\n<p>Calitatea superioar\u0103 este atestat\u0103 de certificatele noastre de garan\u021bie, inclusiv certific\u0103rile OEKO-TEX 100 \u0219i ISO 9001, garant\u00e2nd astfel siguran\u021ba \u0219i sustenabilitatea produselor noastre. Fiecare prosoape din acest set ofer\u0103 nu doar o experien\u021b\u0103 vizual\u0103 pl\u0103cut\u0103, ci \u0219i o absorb\u021bie ideal\u0103, garant\u00e2nd prospe\u021bimea \u0219i confortul \u00een utilizare.<\/p>\n<p>Fabricate cu m\u00e2ndrie \u00een Moldova, aceste prosoape sunt o expresie a maestriei locale \u0219i a tradi\u021biilor artizanale. Fiecare detaliu este lucrat cu grij\u0103, reflect\u00e2nd pasiunea noastr\u0103 pentru calitate \u0219i estetic\u0103.<\/p>\n<p>Schimba\u021bi atmosfera \u00een buc\u0103t\u0103ria dumneavoastr\u0103 sau oferi\u021bi un cadou special celor dragi. Acest set de prosoape nu este doar un accesoriu util, ci \u0219i o modalitate minunat\u0103 de a \u00eemp\u0103rt\u0103\u0219i bucuria \u0219i norocul noului an. Fiind un cadou ideal pentru cei dragi, aceste prosoape adaug\u0103 o not\u0103 de rafinament \u0219i fericire \u00een fiecare cas\u0103.<\/p>\n<\/div>\n<\/div>\n<\/div>\n<div class=\"mt-1 flex justify-start gap-3 empty:hidden\">\n<div class=\"text-gray-400 flex self-end lg:self-center justify-center lg:justify-start mt-0 gap-1 visible\"><button class=\"flex items-center gap-1.5 rounded-md p-1 pl-0 text-xs hover:text-gray-950 dark:text-gray-400 dark:hover:text-gray-200 disabled:dark:hover:text-gray-400 md:invisible md:group-hover:visible md:group-[.final-completion]:visible\"><\/button><\/p>\n<div class=\"flex gap-1\"><\/div>\n<div class=\"flex items-center gap-1.5 text-xs\"><\/div>\n<\/div>\n<\/div>\n<\/div>\n<\/div>\n<\/div>\n<\/div>\n<\/div>\n<\/div>\n<\/div>\n<\/div>\n<\/div>\n<div class=\"w-full pt-2 md:pt-0 dark:border-white\/20 md:border-transparent md:dark:border-transparent md:w-[calc(100%-.5rem)]\">\n<form class=\"stretch mx-2 flex flex-row gap-3 last:mb-2 md:mx-4 md:last:mb-6 lg:mx-auto lg:max-w-2xl xl:max-w-3xl\">\n<div class=\"relative flex h-full flex-1 items-stretch md:flex-col\">\n<div class=\"flex w-full items-center\"><\/div>\n<\/div>\n<\/form>\n<\/div>\n","protected":false},"excerpt":{"rendered":"<p>Introduc\u00e2nd \u00een universul confortului \u0219i rafinamentului, v\u0103 prezent\u0103m Setul de 3 prosoape 47&#215;70 cm din colec\u021bia noastr\u0103 exclusiv\u0103 de Anul Nou. Aceste prosoape, realizate integral din bumbac de cea mai \u00eenalt\u0103 calitate, aduc nu doar o not\u0103 de elegan\u021b\u0103, ci \u0219i bucuria specific\u0103 spiritului s\u0103rb\u0103torilor. Imprimat cu motive feerice ale Anului Nou, acest set de [&hellip;]<\/p>\n","protected":false},"featured_media":25755,"comment_status":"open","ping_status":"closed","template":"","meta":[],"product_brand":[],"product_cat":[283,278],"product_tag":[],"class_list":{"0":"post-25754","1":"product","2":"type-product","3":"status-publish","4":"has-post-thumbnail","6":"product_cat-craciun","7":"product_cat-prosoape-de-bucatarie","9":"first","10":"instock","11":"shipping-taxable","12":"purchasable","13":"product-type-simple"},"_links":{"self":[{"href":"https:\/\/textil.md\/index.php?rest_route=\/wp\/v2\/product\/25754","targetHints":{"allow":["GET"]}}],"collection":[{"href":"https:\/\/textil.md\/index.php?rest_route=\/wp\/v2\/product"}],"about":[{"href":"https:\/\/textil.md\/index.php?rest_route=\/wp\/v2\/types\/product"}],"replies":[{"embeddable":true,"href":"https:\/\/textil.md\/index.php?rest_route=%2Fwp%2Fv2%2Fcomments&post=25754"}],"wp:featuredmedia":[{"embeddable":true,"href":"https:\/\/textil.md\/index.php?rest_route=\/wp\/v2\/media\/25755"}],"wp:attachment":[{"href":"https:\/\/textil.md\/index.php?rest_route=%2Fwp%2Fv2%2Fmedia&parent=25754"}],"wp:term":[{"taxonomy":"product_brand","embeddable":true,"href":"https:\/\/textil.md\/index.php?rest_route=%2Fwp%2Fv2%2Fproduct_brand&post=25754"},{"taxonomy":"product_cat","embeddable":true,"href":"https:\/\/textil.md\/index.php?rest_route=%2Fwp%2Fv2%2Fproduct_cat&post=25754"},{"taxonomy":"product_tag","embeddable":true,"href":"https:\/\/textil.md\/index.php?rest_route=%2Fwp%2Fv2%2Fproduct_tag&post=25754"}],"curies":[{"name":"wp","href":"https:\/\/api.w.org\/{rel}","templated":true}]}}