{"id":25767,"date":"2023-12-18T11:20:55","date_gmt":"2023-12-18T08:20:55","guid":{"rendered":"https:\/\/textil.md\/?post_type=product&#038;p=25767"},"modified":"2023-12-22T16:00:04","modified_gmt":"2023-12-22T13:00:04","slug":"set-din-4-prosoape","status":"publish","type":"product","link":"https:\/\/textil.md\/?product=set-din-4-prosoape","title":{"rendered":"Set din 4 prosoape 47*70cm"},"content":{"rendered":"<div class=\"flex-1 overflow-hidden\">\n<div class=\"react-scroll-to-bottom--css-oyujg-79elbk h-full\">\n<div class=\"react-scroll-to-bottom--css-oyujg-1n7m0yu\">\n<div class=\"flex flex-col pb-9 text-sm\">\n<div class=\"w-full text-token-text-primary\" data-testid=\"conversation-turn-9\">\n<div class=\"px-4 py-2 justify-center text-base md:gap-6 m-auto\">\n<div class=\"flex flex-1 text-base mx-auto gap-3 md:px-5 lg:px-1 xl:px-5 md:max-w-3xl lg:max-w-[40rem] xl:max-w-[48rem] group final-completion\">\n<div class=\"relative flex w-full flex-col lg:w-[calc(100%-115px)] agent-turn\">\n<div class=\"flex-col gap-1 md:gap-3\">\n<div class=\"flex flex-grow flex-col max-w-full\">\n<div class=\"min-h-[20px] text-message flex flex-col items-start gap-3 whitespace-pre-wrap break-words [.text-message+&amp;]:mt-5 overflow-x-auto\" data-message-author-role=\"assistant\" data-message-id=\"dfa255c9-44c3-4998-ad93-ec899830fcdf\">\n<div class=\"markdown prose w-full break-words dark:prose-invert light\">\n<p>\u00cenconjura\u021bi-v\u0103 de spiritul festiv al s\u0103rb\u0103torilor cu Setul de 4 Prosoape de Buc\u0103t\u0103rie de Cr\u0103ciun, un cadou ideal pentru cei dragi sau pentru a aduce atmosfera magic\u0103 \u00een propria buc\u0103t\u0103rie. Aceste prosoape, cu dimensiunile perfecte de 47&#215;70 cm, sunt nu doar practice, ci \u0219i o expresie captivant\u0103 a bucuriei \u0219i c\u0103ldurii s\u0103rb\u0103torilor de iarn\u0103.<\/p>\n<p>Setul include dou\u0103 prosoape pline de farmec pe fond ro\u0219u \u0219i alte dou\u0103 pe fond alb, fiecare av\u00e2nd un imprimeu distinct de Cr\u0103ciun. Detaliile festive, precum stelute str\u0103lucitoare, brazi de Cr\u0103ciun \u0219i clopo\u021bei, aduc o not\u0103 de magie \u0219i veselie \u00een fiecare buc\u0103t\u0103rie. Fie c\u0103 le folosi\u021bi pentru a v\u0103 usca m\u00e2inile sau pentru a v\u0103 ajuta \u00een timpul preg\u0103tirii deliciilor de s\u0103rb\u0103tori, aceste prosoape sunt at\u00e2t de func\u021bionale, c\u00e2t \u0219i pl\u0103cute estetic.<\/p>\n<p>Realizate din 100% bumbac, aceste prosoape ofer\u0103 nu doar o senza\u021bie pl\u0103cut\u0103 la atingere, ci \u0219i durabilitate \u00een timp. Certific\u0103rile de calitate OEKO-TEX 100 \u0219i ISO 9001 asigur\u0103 c\u0103 aceste prosoape sunt create cu grij\u0103 pentru mediul \u00eenconjur\u0103tor \u0219i pentru siguran\u021ba dumneavoastr\u0103.<\/p>\n<p>Schimba\u021bi atmosfera din buc\u0103t\u0103rie cu aceste prosoape de Cr\u0103ciun, care aduc cu sine nu doar utilitate, ci \u0219i un strop de bucurie \u00een fiecare moment al zilei. Fie c\u0103 sunt utilizate \u00een propria locuin\u021b\u0103 sau oferite ca un cadou atent ales, aceste prosoape vor completa cu elegan\u021b\u0103 \u0219i veselie atmosfera s\u0103rb\u0103torilor de iarn\u0103.<\/p>\n<\/div>\n<\/div>\n<\/div>\n<\/div>\n<\/div>\n<\/div>\n<\/div>\n<\/div>\n<\/div>\n<\/div>\n<\/div>\n<\/div>\n","protected":false},"excerpt":{"rendered":"<p>\u00cenconjura\u021bi-v\u0103 de spiritul festiv al s\u0103rb\u0103torilor cu Setul de 4 Prosoape de Buc\u0103t\u0103rie de Cr\u0103ciun, un cadou ideal pentru cei dragi sau pentru a aduce atmosfera magic\u0103 \u00een propria buc\u0103t\u0103rie. Aceste prosoape, cu dimensiunile perfecte de 47&#215;70 cm, sunt nu doar practice, ci \u0219i o expresie captivant\u0103 a bucuriei \u0219i c\u0103ldurii s\u0103rb\u0103torilor de iarn\u0103. Setul [&hellip;]<\/p>\n","protected":false},"featured_media":25762,"comment_status":"open","ping_status":"closed","template":"","meta":[],"product_brand":[],"product_cat":[283,278],"product_tag":[],"class_list":{"0":"post-25767","1":"product","2":"type-product","3":"status-publish","4":"has-post-thumbnail","6":"product_cat-craciun","7":"product_cat-prosoape-de-bucatarie","9":"first","10":"instock","11":"shipping-taxable","12":"purchasable","13":"product-type-simple"},"_links":{"self":[{"href":"https:\/\/textil.md\/index.php?rest_route=\/wp\/v2\/product\/25767","targetHints":{"allow":["GET"]}}],"collection":[{"href":"https:\/\/textil.md\/index.php?rest_route=\/wp\/v2\/product"}],"about":[{"href":"https:\/\/textil.md\/index.php?rest_route=\/wp\/v2\/types\/product"}],"replies":[{"embeddable":true,"href":"https:\/\/textil.md\/index.php?rest_route=%2Fwp%2Fv2%2Fcomments&post=25767"}],"wp:featuredmedia":[{"embeddable":true,"href":"https:\/\/textil.md\/index.php?rest_route=\/wp\/v2\/media\/25762"}],"wp:attachment":[{"href":"https:\/\/textil.md\/index.php?rest_route=%2Fwp%2Fv2%2Fmedia&parent=25767"}],"wp:term":[{"taxonomy":"product_brand","embeddable":true,"href":"https:\/\/textil.md\/index.php?rest_route=%2Fwp%2Fv2%2Fproduct_brand&post=25767"},{"taxonomy":"product_cat","embeddable":true,"href":"https:\/\/textil.md\/index.php?rest_route=%2Fwp%2Fv2%2Fproduct_cat&post=25767"},{"taxonomy":"product_tag","embeddable":true,"href":"https:\/\/textil.md\/index.php?rest_route=%2Fwp%2Fv2%2Fproduct_tag&post=25767"}],"curies":[{"name":"wp","href":"https:\/\/api.w.org\/{rel}","templated":true}]}}